{"id":68,"date":"2024-01-13T17:14:21","date_gmt":"2024-01-13T17:14:21","guid":{"rendered":"http:\/\/qigong-yangsheng-hd.com\/?page_id=68"},"modified":"2024-01-22T16:54:21","modified_gmt":"2024-01-22T16:54:21","slug":"termine","status":"publish","type":"page","link":"http:\/\/qigong-yangsheng-hd.com\/?page_id=68","title":{"rendered":"Termine"},"content":{"rendered":"<h3><b>Qigong-Kurse<\/b><\/h3>\n<p><b>Kursort:\u00a0 <\/b>in der Qigongschule-Studio 17 in Heidelberg-Altstadt, Untere Neckarstr. 17<strong>, <\/strong>EG<strong><br \/>\n<\/strong><\/p>\n<p><b>Montag: 17:00-18.30 Uhr (Kurs 1)<\/b><b> <\/b><\/p>\n<p><b>\u00a0 \u00a0 \u00a0 \u00a0 \u00a0 \u00a0 \u00a0 \u00a0 \u00a0 19:00-20:30 Uhr (Kurs 2)<br \/>\n<\/b><\/p>\n<p><b>Dienstag: 16:30-18.00 Uhr (Kurs 1)<br \/>\n<\/b><\/p>\n<p><strong>\u00a0\u00a0\u00a0\u00a0\u00a0\u00a0\u00a0\u00a0\u00a0\u00a0\u00a0\u00a0\u00a0\u00a0\u00a0\u00a0\u00a0\u00a0\u00a0 18:30-20:00 Uhr (Kurs 2)<\/strong><\/p>\n<p><strong>Donnerstag: 11:00-12:30 Uhr<\/strong><strong>\u00a0<\/strong><\/p>\n<p><strong>Samstagworkshop:<\/strong> in Planung<\/p>\n<hr \/>\n<p>&nbsp;<\/p>\n<h4>Kursgeb\u00fchren:<\/h4>\n<ul>\n<li>Die pr\u00e4ventiven Qigongkurse werden von allen<span class=\"Apple-converted-space\">\u00a0 <\/span>Gesetzlichen Krankenkassen bezuschusst.<\/li>\n<li>Kurseinheit (10 x 90 Min.= Zehnerticket: 160 \u20ac )<\/li>\n<li>Einzelstunde 18\u00a0 \u20ac<\/li>\n<li>Probestunde 10\u00a0 \u20ac<\/li>\n<li>Samstagworkshop<br \/>\n\u2022 Teilnehmerzahl: mind. 4, max. 8 TeilnehmerInnen<br \/>\n\u2022 verbindliche Samstagskurs-Anmeldung via Mail &amp; \u00dcberweisung (Kontonummer auf Anfrage)<\/li>\n<\/ul>\n<p>Meine Kurse sind von der Zentralen Pr\u00fcfstelle Pr\u00e4vention zertifiziert. KursteilnehmerInnen, die bei einer deutschen gesetztlichen Krankenkasse versichert sind, k\u00f6nnen die Teinahmebescheinigungen der Qigongkurse bei ihrer Kasse zur Erstattung einreichen. Die Erstattungsh\u00f6he ist von Kasse zu Kasse unterschiedlich. Nachfragen, wie oft im Jahr und in welcher H\u00f6he die Kurse finanziell unterst\u00fctzt werden, lohnt sich.<\/p>\n<p>&nbsp;<\/p>\n<hr \/>\n<p><strong>Kursort<\/strong><\/p>\n<p>Qigongschule Studio 17, Heidelberg-Altstadt, Untere Neckarstr. 17<strong>, <\/strong>EG<\/p>\n<p>Unsere Qigongschule befindet sich im Studio 17, einer<span class=\"Apple-converted-space\">\u00a0 <\/span>Oase<span class=\"Apple-converted-space\">\u00a0 <\/span>im Herzen der Heidelberger Altstadt.<\/p>\n<h3>Der \u00dcbungs-\/Meditationsraum ist auch zu vermieten.<\/h3>\n<h3><img loading=\"lazy\" decoding=\"async\" class=\"alignnone wp-image-116\" src=\"http:\/\/qigong-yangsheng-hd.com\/wp-content\/uploads\/2019\/01\/quigong-raum1.jpg\" alt=\"\" width=\"422\" height=\"267\" \/><img loading=\"lazy\" decoding=\"async\" class=\"alignnone wp-image-117\" src=\"http:\/\/qigong-yangsheng-hd.com\/wp-content\/uploads\/2019\/01\/quigong-raum2.jpg\" alt=\"\" width=\"424\" height=\"266\" \/><\/h3>\n","protected":false},"excerpt":{"rendered":"<p>Qigong-Kurse Kursort:\u00a0 in der Qigongschule-Studio 17 in Heidelberg-Altstadt, Untere Neckarstr. 17, EG Montag: 17:00-18.30 Uhr (Kurs 1) \u00a0 \u00a0 \u00a0 \u00a0 \u00a0 \u00a0 \u00a0 \u00a0 \u00a0 19:00-20:30 Uhr (Kurs 2) Dienstag: 16:30-18.00 Uhr (Kurs 1) \u00a0\u00a0\u00a0\u00a0\u00a0\u00a0\u00a0\u00a0\u00a0\u00a0\u00a0\u00a0\u00a0\u00a0\u00a0\u00a0\u00a0\u00a0\u00a0 18:30-20:00 Uhr (Kurs 2) Donnerstag: 11:00-12:30 Uhr\u00a0 Samstagworkshop: in Planung &nbsp; Kursgeb\u00fchren: Die pr\u00e4ventiven Qigongkurse werden von allen\u00a0 Gesetzlichen [&hellip;]<\/p>\n","protected":false},"author":1,"featured_media":20,"parent":0,"menu_order":0,"comment_status":"closed","ping_status":"closed","template":"","meta":{"footnotes":""},"_links":{"self":[{"href":"http:\/\/qigong-yangsheng-hd.com\/index.php?rest_route=\/wp\/v2\/pages\/68"}],"collection":[{"href":"http:\/\/qigong-yangsheng-hd.com\/index.php?rest_route=\/wp\/v2\/pages"}],"about":[{"href":"http:\/\/qigong-yangsheng-hd.com\/index.php?rest_route=\/wp\/v2\/types\/page"}],"author":[{"embeddable":true,"href":"http:\/\/qigong-yangsheng-hd.com\/index.php?rest_route=\/wp\/v2\/users\/1"}],"replies":[{"embeddable":true,"href":"http:\/\/qigong-yangsheng-hd.com\/index.php?rest_route=%2Fwp%2Fv2%2Fcomments&post=68"}],"version-history":[{"count":21,"href":"http:\/\/qigong-yangsheng-hd.com\/index.php?rest_route=\/wp\/v2\/pages\/68\/revisions"}],"predecessor-version":[{"id":151,"href":"http:\/\/qigong-yangsheng-hd.com\/index.php?rest_route=\/wp\/v2\/pages\/68\/revisions\/151"}],"wp:featuredmedia":[{"embeddable":true,"href":"http:\/\/qigong-yangsheng-hd.com\/index.php?rest_route=\/wp\/v2\/media\/20"}],"wp:attachment":[{"href":"http:\/\/qigong-yangsheng-hd.com\/index.php?rest_route=%2Fwp%2Fv2%2Fmedia&parent=68"}],"curies":[{"name":"wp","href":"https:\/\/api.w.org\/{rel}","templated":true}]}}