{"id":2,"date":"2016-05-10T03:48:21","date_gmt":"2016-05-10T03:48:21","guid":{"rendered":"http:\/\/qigong-yangsheng-hd.com\/?page_id=2"},"modified":"2022-01-21T16:24:05","modified_gmt":"2022-01-21T16:24:05","slug":"sample-page","status":"publish","type":"page","link":"http:\/\/qigong-yangsheng-hd.com\/","title":{"rendered":"Willkommen"},"content":{"rendered":"<h2>bei \u201eQigong Yangsheng Heidelberg\u201c<\/h2>\n<p>Seit 2005 biete ich in meiner Qigongschule verschiedenste Kurse, Workshops<span class=\"Apple-converted-space\">\u00a0 <\/span>und Einzelunterricht zur Gesundheitspr\u00e4vention und Therapiebegleitung bei verschiedensten Krankheiten an.<span class=\"Apple-converted-space\">\u00a0 <\/span>Die Basis bilden dabei die Inhalte aus dem \u00dcbungssystem \u201eQigong Yangsheng\u201c nach Prof. Jao Guorui. Daoyin (Selbstmassage\u00fcbungen), Stilles Qigong<span class=\"Apple-converted-space\">\u00a0 <\/span>(Meditation) und<span class=\"Apple-converted-space\">\u00a0 <\/span>gezielte Qif\u00fchrung vertiefen und verfeinern die \u00dcbungen.<\/p>\n<p>Die pr\u00e4ventiven Angebote werden von allen<span class=\"Apple-converted-space\">\u00a0 <\/span>Gesetzlichen Krankenkassen bezuschusst.<span class=\"Apple-converted-space\">\u00a0<\/span><\/p>\n<p>Meine Qigongschule befindet sich im Studio 17, einer<span class=\"Apple-converted-space\">\u00a0 <\/span>Oase<span class=\"Apple-converted-space\">\u00a0 <\/span>im Herzen der Heidelberger Altstadt.<\/p>\n<p>Lernen Sie mich kennen. Ich freue mich auf Sie.<\/p>\n<p>Sybille Sarnow<\/p>\n","protected":false},"excerpt":{"rendered":"<p>bei \u201eQigong Yangsheng Heidelberg\u201c Seit 2005 biete ich in meiner Qigongschule verschiedenste Kurse, Workshops\u00a0 und Einzelunterricht zur Gesundheitspr\u00e4vention und Therapiebegleitung bei verschiedensten Krankheiten an.\u00a0 Die Basis bilden dabei die Inhalte aus dem \u00dcbungssystem \u201eQigong Yangsheng\u201c nach Prof. Jao Guorui. Daoyin (Selbstmassage\u00fcbungen), Stilles Qigong\u00a0 (Meditation) und\u00a0 gezielte Qif\u00fchrung vertiefen und verfeinern die \u00dcbungen. Die pr\u00e4ventiven Angebote [&hellip;]<\/p>\n","protected":false},"author":1,"featured_media":10,"parent":0,"menu_order":0,"comment_status":"closed","ping_status":"open","template":"","meta":{"footnotes":""},"_links":{"self":[{"href":"http:\/\/qigong-yangsheng-hd.com\/index.php?rest_route=\/wp\/v2\/pages\/2"}],"collection":[{"href":"http:\/\/qigong-yangsheng-hd.com\/index.php?rest_route=\/wp\/v2\/pages"}],"about":[{"href":"http:\/\/qigong-yangsheng-hd.com\/index.php?rest_route=\/wp\/v2\/types\/page"}],"author":[{"embeddable":true,"href":"http:\/\/qigong-yangsheng-hd.com\/index.php?rest_route=\/wp\/v2\/users\/1"}],"replies":[{"embeddable":true,"href":"http:\/\/qigong-yangsheng-hd.com\/index.php?rest_route=%2Fwp%2Fv2%2Fcomments&post=2"}],"version-history":[{"count":5,"href":"http:\/\/qigong-yangsheng-hd.com\/index.php?rest_route=\/wp\/v2\/pages\/2\/revisions"}],"predecessor-version":[{"id":149,"href":"http:\/\/qigong-yangsheng-hd.com\/index.php?rest_route=\/wp\/v2\/pages\/2\/revisions\/149"}],"wp:featuredmedia":[{"embeddable":true,"href":"http:\/\/qigong-yangsheng-hd.com\/index.php?rest_route=\/wp\/v2\/media\/10"}],"wp:attachment":[{"href":"http:\/\/qigong-yangsheng-hd.com\/index.php?rest_route=%2Fwp%2Fv2%2Fmedia&parent=2"}],"curies":[{"name":"wp","href":"https:\/\/api.w.org\/{rel}","templated":true}]}}